{"id":159,"date":"2015-02-01T19:38:09","date_gmt":"2015-02-01T18:38:09","guid":{"rendered":"http:\/\/www.moravecteam.cz\/?page_id=159"},"modified":"2017-10-16T12:56:21","modified_gmt":"2017-10-16T10:56:21","slug":"moravec-team","status":"publish","type":"page","link":"https:\/\/www.moravecteam.cz\/","title":{"rendered":"MORAVEC Team"},"content":{"rendered":"<p style=\"text-align: justify;\"><span style=\"color: #800000;\"><strong>MORAVEC Team je cyklistick\u00fd odd\u00edl s\u00eddl\u00edc\u00ed na Drahansk\u00e9 vrchovin\u011b. Na\u0161i bike\u0159i ov\u0161em\u00a0ne z\u0159\u00eddka br\u00e1zd\u00ed republikov\u00e1, evropsk\u00e1, \u00a0ba i sv\u011btov\u00e1 cyklistick\u00e1 boji\u0161t\u011b!<\/strong><\/span><\/p>\n<p style=\"text-align: justify;\"><span style=\"color: #800000;\"><strong>Zab\u00fdv\u00e1me se p\u0159edev\u0161\u00edm p\u0159\u00edpravou mlad\u00fdch a nad\u011bjn\u00fdch biker\u016f na horsk\u00fdch kolech, ale nen\u00ed n\u00e1m ciz\u00ed ani silnice, dr\u00e1ha, b\u011bh \u010di b\u011b\u017eky.<\/strong><\/span><\/p>\n<p style=\"text-align: justify;\"><span style=\"color: #800000;\"><strong>Po\u0159\u00e1d\u00e1me nejen cyklistick\u00e9 z\u00e1vody Poh\u00e1r Drahansk\u00e9 vrchoviny, ale i spoustu dal\u0161\u00edch sportovn\u00edch, kulturn\u00edch a spole\u010densk\u00fdch akc\u00ed.<\/strong><\/span><\/p>\n<p style=\"text-align: justify;\"><span style=\"color: #800000;\"><strong>Do n\u00e1zvu jsme si vetknuli jm\u00e9no po bohu\u017eel ji\u017e zesnul\u00e9m vynikaj\u00edc\u00edm cyklistovi, v\u00edt\u011bzi Z\u00e1vodu M\u00edru\u00a0z roku, 1972 Vlastimilu\u00a0MORAVCOVI na jeho\u017e po\u010dest z\u00e1vod\u00edme a sb\u00edr\u00e1me st\u0159\u00edpky z jeho \u017eivota, kter\u00e9 najdete v rubrice <a href=\"http:\/\/www.moravecteam.cz\/?cat=8\">VLAST\u016eV \u0160UPL\u00cdK.<\/a><\/strong><\/span><\/p>\n<p><span style=\"color: #800000;\"><strong><em><a href=\"http:\/\/www.moravecteam.cz\/?attachment_id=10\" rel=\"attachment wp-att-10\"><span style=\"color: #800000;\"><img decoding=\"async\" loading=\"lazy\" class=\"size-full wp-image-10 alignright\" alt=\"znak\" src=\"http:\/\/www.moravecteam.cz\/wp-content\/uploads\/2015\/01\/znak.jpg\" width=\"181\" height=\"177\" srcset=\"https:\/\/www.moravecteam.cz\/wp-content\/uploads\/2015\/01\/znak.jpg 181w, https:\/\/www.moravecteam.cz\/wp-content\/uploads\/2015\/01\/znak-1x1.jpg 1w\" sizes=\"(max-width: 181px) 100vw, 181px\" \/><\/span><\/a>P\u0159idejte se k n\u00e1m, alespo\u0148 Ti z V\u00e1s, kte\u0159\u00ed jste je\u0161t\u011b <\/em><\/strong><\/span><span style=\"color: #800000;\"><strong><em>z\u016fstali norm\u00e1ln\u00ed\u2026!<\/em><\/strong><\/span><\/p>\n<p style=\"text-align: left;\"><span style=\"color: #800000;\"><strong><em>Bike\u0159i v\u0161ech zem\u00ed, spojte se!<\/em><\/strong><\/span><\/p>\n<p style=\"text-align: justify;\"><span style=\"color: #800000;\"><strong><em>Jen kola zdolaj v\u00fdmoly!<\/em><\/strong><\/span><\/p>\n<p style=\"text-align: justify;\"><strong><a href=\"https:\/\/www.facebook.com\/moravecteamoficialni\/\">\u00a0<\/a><\/strong><\/p>\n","protected":false},"excerpt":{"rendered":"<p>MORAVEC Team je cyklistick\u00fd odd\u00edl s\u00eddl\u00edc\u00ed na Drahansk\u00e9 vrchovin\u011b. Na\u0161i bike\u0159i ov\u0161em\u00a0ne z\u0159\u00eddka br\u00e1zd\u00ed republikov\u00e1, evropsk\u00e1, \u00a0ba i sv\u011btov\u00e1 cyklistick\u00e1 boji\u0161t\u011b! Zab\u00fdv\u00e1me se p\u0159edev\u0161\u00edm p\u0159\u00edpravou mlad\u00fdch a nad\u011bjn\u00fdch biker\u016f na horsk\u00fdch kolech, ale nen\u00ed n\u00e1m ciz\u00ed ani silnice, dr\u00e1ha, b\u011bh \u010di b\u011b\u017eky. Po\u0159\u00e1d\u00e1me nejen cyklistick\u00e9 z\u00e1vody Poh\u00e1r Drahansk\u00e9 vrchoviny, ale i spoustu dal\u0161\u00edch sportovn\u00edch, kulturn\u00edch &hellip; <a href=\"https:\/\/www.moravecteam.cz\/\" class=\"more-link\">Pokra\u010dov\u00e1n\u00ed textu <span class=\"screen-reader-text\">MORAVEC Team<\/span> <span class=\"meta-nav\">&rarr;<\/span><\/a><\/p>\n","protected":false},"author":1,"featured_media":1213,"parent":45,"menu_order":3,"comment_status":"closed","ping_status":"open","template":"","meta":[],"_links":{"self":[{"href":"https:\/\/www.moravecteam.cz\/index.php?rest_route=\/wp\/v2\/pages\/159"}],"collection":[{"href":"https:\/\/www.moravecteam.cz\/index.php?rest_route=\/wp\/v2\/pages"}],"about":[{"href":"https:\/\/www.moravecteam.cz\/index.php?rest_route=\/wp\/v2\/types\/page"}],"author":[{"embeddable":true,"href":"https:\/\/www.moravecteam.cz\/index.php?rest_route=\/wp\/v2\/users\/1"}],"replies":[{"embeddable":true,"href":"https:\/\/www.moravecteam.cz\/index.php?rest_route=%2Fwp%2Fv2%2Fcomments&post=159"}],"version-history":[{"count":23,"href":"https:\/\/www.moravecteam.cz\/index.php?rest_route=\/wp\/v2\/pages\/159\/revisions"}],"predecessor-version":[{"id":15716,"href":"https:\/\/www.moravecteam.cz\/index.php?rest_route=\/wp\/v2\/pages\/159\/revisions\/15716"}],"up":[{"embeddable":true,"href":"https:\/\/www.moravecteam.cz\/index.php?rest_route=\/wp\/v2\/pages\/45"}],"wp:featuredmedia":[{"embeddable":true,"href":"https:\/\/www.moravecteam.cz\/index.php?rest_route=\/wp\/v2\/media\/1213"}],"wp:attachment":[{"href":"https:\/\/www.moravecteam.cz\/index.php?rest_route=%2Fwp%2Fv2%2Fmedia&parent=159"}],"curies":[{"name":"wp","href":"https:\/\/api.w.org\/{rel}","templated":true}]}}