{"id":198,"date":"2015-03-15T20:58:13","date_gmt":"2015-03-15T19:58:13","guid":{"rendered":"http:\/\/www.moravecteam.cz\/?page_id=198"},"modified":"2015-03-15T20:58:13","modified_gmt":"2015-03-15T19:58:13","slug":"pravidla","status":"publish","type":"page","link":"https:\/\/www.moravecteam.cz\/?page_id=198","title":{"rendered":"Pravidla"},"content":{"rendered":"<p>D\u016fle\u017eit\u00e1 pravidla a sm\u011brnice pro V\u00e1s z\u00e1vodn\u00ed \u017eivot:<br \/>\n<a href=\"http:\/\/www.moravecteam.cz\/wp-content\/uploads\/2015\/03\/Pravidla-pro-MTB-v-\u010cR-2015.pdf\">Pravidla pro MTB v \u010cR 2015<\/a><br \/>\n<a href=\"http:\/\/www.moravecteam.cz\/wp-content\/uploads\/2015\/03\/sprint-elimin\u00e1tor-pravidla.pdf\">sprint-elimin\u00e1tor-pravidla<\/a><br \/>\n<a href=\"http:\/\/www.moravecteam.cz\/wp-content\/uploads\/2015\/03\/technick\u00fd-z\u00e1vod-MTB-pravidla.pdf\">technick\u00fd z\u00e1vod MTB pravidla<\/a><\/p>\n","protected":false},"excerpt":{"rendered":"<p>D\u016fle\u017eit\u00e1 pravidla a sm\u011brnice pro V\u00e1s z\u00e1vodn\u00ed \u017eivot: Pravidla pro MTB v \u010cR 2015 sprint-elimin\u00e1tor-pravidla technick\u00fd z\u00e1vod MTB pravidla<\/p>\n","protected":false},"author":1,"featured_media":0,"parent":139,"menu_order":5,"comment_status":"closed","ping_status":"open","template":"","meta":[],"_links":{"self":[{"href":"https:\/\/www.moravecteam.cz\/index.php?rest_route=\/wp\/v2\/pages\/198"}],"collection":[{"href":"https:\/\/www.moravecteam.cz\/index.php?rest_route=\/wp\/v2\/pages"}],"about":[{"href":"https:\/\/www.moravecteam.cz\/index.php?rest_route=\/wp\/v2\/types\/page"}],"author":[{"embeddable":true,"href":"https:\/\/www.moravecteam.cz\/index.php?rest_route=\/wp\/v2\/users\/1"}],"replies":[{"embeddable":true,"href":"https:\/\/www.moravecteam.cz\/index.php?rest_route=%2Fwp%2Fv2%2Fcomments&post=198"}],"version-history":[{"count":1,"href":"https:\/\/www.moravecteam.cz\/index.php?rest_route=\/wp\/v2\/pages\/198\/revisions"}],"predecessor-version":[{"id":202,"href":"https:\/\/www.moravecteam.cz\/index.php?rest_route=\/wp\/v2\/pages\/198\/revisions\/202"}],"up":[{"embeddable":true,"href":"https:\/\/www.moravecteam.cz\/index.php?rest_route=\/wp\/v2\/pages\/139"}],"wp:attachment":[{"href":"https:\/\/www.moravecteam.cz\/index.php?rest_route=%2Fwp%2Fv2%2Fmedia&parent=198"}],"curies":[{"name":"wp","href":"https:\/\/api.w.org\/{rel}","templated":true}]}}